{"id":33,"date":"2025-08-07T19:21:47","date_gmt":"2025-08-07T19:21:47","guid":{"rendered":"https:\/\/englishouse.mx\/catalogo\/?page_id=33"},"modified":"2025-08-07T22:40:01","modified_gmt":"2025-08-07T22:40:01","slug":"mejora-tu-posicionamiento","status":"publish","type":"page","link":"https:\/\/englishouse.mx\/catalogo\/mejora-tu-posicionamiento\/","title":{"rendered":"Mejora tu posicionamiento"},"content":{"rendered":"<p>[et_pb_section fb_built=\u00bb1&#8243; _builder_version=\u00bb4.27.4&#8243; _module_preset=\u00bbdefault\u00bb global_colors_info=\u00bb{}\u00bb locked=\u00bboff\u00bb theme_builder_area=\u00bbpost_content\u00bb][et_pb_row _builder_version=\u00bb4.27.4&#8243; _module_preset=\u00bbdefault\u00bb hover_enabled=\u00bb0&#8243; global_colors_info=\u00bb{}\u00bb theme_builder_area=\u00bbpost_content\u00bb custom_margin_last_edited=\u00bbon|phone\u00bb sticky_enabled=\u00bb0&#8243; custom_margin_phone=\u00bb-46px||||false|false\u00bb][et_pb_column type=\u00bb4_4&#8243; _builder_version=\u00bb4.27.4&#8243; _module_preset=\u00bbdefault\u00bb global_colors_info=\u00bb{}\u00bb theme_builder_area=\u00bbpost_content\u00bb][et_pb_text _builder_version=\u00bb4.27.4&#8243; _module_preset=\u00bbdefault\u00bb text_font=\u00bbPoppins||||||||\u00bb text_text_color=\u00bb#1f1f3a\u00bb text_font_size=\u00bb38px\u00bb text_line_height=\u00bb1.3em\u00bb text_orientation=\u00bbcenter\u00bb custom_margin_tablet=\u00bb\u00bb custom_margin_phone=\u00bb36px||-1px||false|false\u00bb custom_margin_last_edited=\u00bbon|phone\u00bb custom_padding_tablet=\u00bb\u00bb custom_padding_phone=\u00bb||0px||false|false\u00bb custom_padding_last_edited=\u00bbon|phone\u00bb hover_enabled=\u00bb0&#8243; text_font_size_tablet=\u00bb40px\u00bb text_font_size_phone=\u00bb20px\u00bb text_font_size_last_edited=\u00bbon|phone\u00bb text_line_height_tablet=\u00bb\u00bb text_line_height_phone=\u00bb1em\u00bb text_line_height_last_edited=\u00bbon|phone\u00bb header_line_height_tablet=\u00bb\u00bb header_line_height_phone=\u00bb1em\u00bb header_line_height_last_edited=\u00bbon|phone\u00bb locked=\u00bboff\u00bb global_colors_info=\u00bb{}\u00bb theme_builder_area=\u00bbpost_content\u00bb sticky_enabled=\u00bb0&#8243; content_last_edited=\u00bbon|phone\u00bb content_phone=\u00bb<\/p>\n<p style=%22text-align: justify;%22>Somos tu editorial EnglisHouse enfocada en caminar<br \/>de la mano contigo al \u00e9xito biling\u00fce de tus alumnos<\/p>\n<p>\u00bb content_tablet=\u00bb<\/p>\n<p>Somos tu editorial EnglisHouse enfocada en caminar<br \/>de la mano contigo al \u00e9xito biling\u00fce de tus alumnos<\/p>\n<p>\u00ab]<\/p>\n<p>Somos tu editorial EnglisHouse enfocada en caminar<br \/>de la mano contigo al \u00e9xito biling\u00fce de tus alumnos<\/p>\n<p>[\/et_pb_text][et_pb_text _builder_version=\u00bb4.27.4&#8243; _module_preset=\u00bbdefault\u00bb text_font=\u00bbPoppins|500|||||||\u00bb text_text_color=\u00bb#ef5651&#8243; text_font_size=\u00bb32px\u00bb text_line_height=\u00bb1.3em\u00bb text_orientation=\u00bbcenter\u00bb custom_margin=\u00bb131px|||||\u00bb custom_margin_tablet=\u00bb\u00bb custom_margin_phone=\u00bb36px||-1px||false|false\u00bb custom_margin_last_edited=\u00bbon|phone\u00bb custom_padding_tablet=\u00bb\u00bb custom_padding_phone=\u00bb||0px||false|false\u00bb custom_padding_last_edited=\u00bbon|phone\u00bb text_font_size_tablet=\u00bb40px\u00bb text_font_size_phone=\u00bb24px\u00bb text_font_size_last_edited=\u00bbon|phone\u00bb text_line_height_tablet=\u00bb\u00bb text_line_height_phone=\u00bb1em\u00bb text_line_height_last_edited=\u00bbon|phone\u00bb header_line_height_tablet=\u00bb\u00bb header_line_height_phone=\u00bb1em\u00bb header_line_height_last_edited=\u00bbon|phone\u00bb locked=\u00bboff\u00bb global_colors_info=\u00bb{}\u00bb theme_builder_area=\u00bbpost_content\u00bb]<\/p>\n<p style=\"text-align: left;\">\u00bfSab\u00edas qu\u00e9&#8230;<\/p>\n<p>[\/et_pb_text][et_pb_image src=\u00bbhttps:\/\/englishouse.mx\/wp-content\/uploads\/2025\/08\/11-2.png\u00bb title_text=\u00bb11&#8243; _builder_version=\u00bb4.27.4&#8243; _module_preset=\u00bbdefault\u00bb hover_enabled=\u00bb0&#8243; global_colors_info=\u00bb{}\u00bb theme_builder_area=\u00bbpost_content\u00bb custom_margin_last_edited=\u00bbon|phone\u00bb custom_margin_phone=\u00bb11px||||false|false\u00bb sticky_enabled=\u00bb0&#8243;][\/et_pb_image][et_pb_text _builder_version=\u00bb4.27.4&#8243; _module_preset=\u00bbdefault\u00bb text_font=\u00bbPoppins|200|||||||\u00bb text_text_color=\u00bb#1f1f3a\u00bb text_font_size=\u00bb38px\u00bb text_line_height=\u00bb1.3em\u00bb custom_margin_tablet=\u00bb\u00bb custom_margin_phone=\u00bb36px||-1px||false|false\u00bb custom_margin_last_edited=\u00bbon|phone\u00bb custom_padding_tablet=\u00bb\u00bb custom_padding_phone=\u00bb||0px||false|false\u00bb custom_padding_last_edited=\u00bbon|phone\u00bb text_font_size_tablet=\u00bb40px\u00bb text_font_size_phone=\u00bb24px\u00bb text_font_size_last_edited=\u00bbon|phone\u00bb text_line_height_tablet=\u00bb\u00bb text_line_height_phone=\u00bb1em\u00bb text_line_height_last_edited=\u00bbon|phone\u00bb header_line_height_tablet=\u00bb\u00bb header_line_height_phone=\u00bb1em\u00bb header_line_height_last_edited=\u00bbon|phone\u00bb locked=\u00bboff\u00bb global_colors_info=\u00bb{}\u00bb theme_builder_area=\u00bbpost_content\u00bb]<\/p>\n<p>Los colegios m\u00e1s prestigiosos y posicionados se dieron a conocer por el alto nivel de ingl\u00e9s y acad\u00e9mico de sus alumnos egresados?<\/p>\n<p>[\/et_pb_text][\/et_pb_column][\/et_pb_row][\/et_pb_section][et_pb_section fb_built=\u00bb1&#8243; prev_background_color=\u00bb#ffffff\u00bb _builder_version=\u00bb4.27.4&#8243; _module_preset=\u00bbdefault\u00bb background_color=\u00bb#5b9abf\u00bb top_divider_style=\u00bbwave\u00bb hover_enabled=\u00bb0&#8243; global_colors_info=\u00bb{}\u00bb locked=\u00bboff\u00bb theme_builder_area=\u00bbpost_content\u00bb top_divider_height_last_edited=\u00bbon|phone\u00bb top_divider_height_phone=\u00bb49px\u00bb bottom_divider_height_last_edited=\u00bbon|phone\u00bb bottom_divider_height_phone=\u00bb57px\u00bb sticky_enabled=\u00bb0&#8243;][et_pb_row _builder_version=\u00bb4.27.4&#8243; _module_preset=\u00bbdefault\u00bb custom_margin=\u00bb100px|auto||auto|false|false\u00bb hover_enabled=\u00bb0&#8243; global_colors_info=\u00bb{}\u00bb theme_builder_area=\u00bbpost_content\u00bb custom_margin_last_edited=\u00bbon|phone\u00bb custom_margin_phone=\u00bb50px|auto||auto|false|false\u00bb sticky_enabled=\u00bb0&#8243; custom_margin_tablet=\u00bb100px|auto||auto|false|false\u00bb][et_pb_column type=\u00bb4_4&#8243; _builder_version=\u00bb4.27.4&#8243; _module_preset=\u00bbdefault\u00bb global_colors_info=\u00bb{}\u00bb theme_builder_area=\u00bbpost_content\u00bb][et_pb_text _builder_version=\u00bb4.27.4&#8243; _module_preset=\u00bbdefault\u00bb text_font=\u00bbPoppins|500||on|||||\u00bb text_text_color=\u00bb#FFFFFF\u00bb text_font_size=\u00bb28px\u00bb text_line_height=\u00bb1.3em\u00bb text_orientation=\u00bbcenter\u00bb custom_margin=\u00bb||72px|||\u00bb custom_margin_tablet=\u00bb\u00bb custom_margin_phone=\u00bb36px||-1px||false|false\u00bb custom_margin_last_edited=\u00bbon|phone\u00bb custom_padding_tablet=\u00bb\u00bb custom_padding_phone=\u00bb||0px||false|false\u00bb custom_padding_last_edited=\u00bbon|phone\u00bb hover_enabled=\u00bb0&#8243; text_font_size_tablet=\u00bb40px\u00bb text_font_size_phone=\u00bb21px\u00bb text_font_size_last_edited=\u00bbon|phone\u00bb text_line_height_tablet=\u00bb\u00bb text_line_height_phone=\u00bb1em\u00bb text_line_height_last_edited=\u00bbon|phone\u00bb header_line_height_tablet=\u00bb\u00bb header_line_height_phone=\u00bb1em\u00bb header_line_height_last_edited=\u00bbon|phone\u00bb locked=\u00bboff\u00bb global_colors_info=\u00bb{}\u00bb theme_builder_area=\u00bbpost_content\u00bb sticky_enabled=\u00bb0&#8243;]<\/p>\n<p>\u00bfC\u00f3mo saber si necesitas a EnglisHouse?<\/p>\n<p>[\/et_pb_text][et_pb_text _builder_version=\u00bb4.27.4&#8243; _module_preset=\u00bbdefault\u00bb text_font=\u00bbPoppins|300|||||||\u00bb text_text_color=\u00bb#FFFFFF\u00bb text_font_size=\u00bb28px\u00bb text_line_height=\u00bb1.3em\u00bb text_orientation=\u00bbcenter\u00bb custom_margin_tablet=\u00bb\u00bb custom_margin_phone=\u00bb36px||-1px||false|false\u00bb custom_margin_last_edited=\u00bbon|phone\u00bb custom_padding_tablet=\u00bb\u00bb custom_padding_phone=\u00bb||0px||false|false\u00bb custom_padding_last_edited=\u00bbon|phone\u00bb hover_enabled=\u00bb0&#8243; text_font_size_tablet=\u00bb40px\u00bb text_font_size_phone=\u00bb20px\u00bb text_font_size_last_edited=\u00bbon|phone\u00bb text_line_height_tablet=\u00bb\u00bb text_line_height_phone=\u00bb1em\u00bb text_line_height_last_edited=\u00bbon|phone\u00bb header_line_height_tablet=\u00bb\u00bb header_line_height_phone=\u00bb1em\u00bb header_line_height_last_edited=\u00bbon|phone\u00bb locked=\u00bboff\u00bb global_colors_info=\u00bb{}\u00bb theme_builder_area=\u00bbpost_content\u00bb sticky_enabled=\u00bb0&#8243;]<\/p>\n<p>\u00bfQuieres incrementar el nivel de ingl\u00e9s de tus alumnos?<\/p>\n<p>\u00bfQuieres tener un mejor posicionamiento en tu zona?<\/p>\n<p>\u00bfTe gustar\u00eda aumentar tu matr\u00edcula?<\/p>\n<p>\u00bfTe gustar\u00eda tener asesor\u00edas especializadas y capacitaci\u00f3n<br \/>constante para tus docentes de ingl\u00e9s?<\/p>\n<p>&nbsp;<\/p>\n<p>[\/et_pb_text][\/et_pb_column][\/et_pb_row][\/et_pb_section][et_pb_section fb_built=\u00bb1&#8243; prev_background_color=\u00bb#5b9abf\u00bb _builder_version=\u00bb4.27.4&#8243; _module_preset=\u00bbdefault\u00bb background_color=\u00bb#FFFFFF\u00bb custom_padding=\u00bb||256px|||\u00bb top_divider_style=\u00bbwave\u00bb hover_enabled=\u00bb0&#8243; global_colors_info=\u00bb{}\u00bb locked=\u00bboff\u00bb theme_builder_area=\u00bbpost_content\u00bb top_divider_height_last_edited=\u00bbon|phone\u00bb top_divider_height_phone=\u00bb39px\u00bb sticky_enabled=\u00bb0&#8243;][et_pb_row _builder_version=\u00bb4.27.4&#8243; _module_preset=\u00bbdefault\u00bb custom_margin=\u00bb101px|auto||auto||\u00bb hover_enabled=\u00bb0&#8243; locked=\u00bboff\u00bb global_colors_info=\u00bb{}\u00bb theme_builder_area=\u00bbpost_content\u00bb custom_margin_last_edited=\u00bbon|phone\u00bb custom_margin_phone=\u00bb50px|auto||auto|false|false\u00bb sticky_enabled=\u00bb0&#8243; custom_margin_tablet=\u00bb101px|auto||auto||\u00bb][et_pb_column type=\u00bb4_4&#8243; _builder_version=\u00bb4.27.4&#8243; _module_preset=\u00bbdefault\u00bb global_colors_info=\u00bb{}\u00bb theme_builder_area=\u00bbpost_content\u00bb][et_pb_text _builder_version=\u00bb4.27.4&#8243; _module_preset=\u00bbdefault\u00bb text_font=\u00bbPoppins|500||on|||||\u00bb text_text_color=\u00bb#1f1f3a\u00bb text_font_size=\u00bb28px\u00bb text_line_height=\u00bb1.3em\u00bb text_orientation=\u00bbcenter\u00bb custom_margin=\u00bb||72px|||\u00bb custom_margin_tablet=\u00bb\u00bb custom_margin_phone=\u00bb36px||-1px||false|false\u00bb custom_margin_last_edited=\u00bbon|phone\u00bb custom_padding_tablet=\u00bb\u00bb custom_padding_phone=\u00bb||0px||false|false\u00bb custom_padding_last_edited=\u00bbon|phone\u00bb hover_enabled=\u00bb0&#8243; text_font_size_tablet=\u00bb40px\u00bb text_font_size_phone=\u00bb21px\u00bb text_font_size_last_edited=\u00bbon|phone\u00bb text_line_height_tablet=\u00bb\u00bb text_line_height_phone=\u00bb1em\u00bb text_line_height_last_edited=\u00bbon|phone\u00bb header_line_height_tablet=\u00bb\u00bb header_line_height_phone=\u00bb1em\u00bb header_line_height_last_edited=\u00bbon|phone\u00bb locked=\u00bboff\u00bb global_colors_info=\u00bb{}\u00bb theme_builder_area=\u00bbpost_content\u00bb header_font_size_last_edited=\u00bbon|phone\u00bb header_font_size_phone=\u00bb1px\u00bb sticky_enabled=\u00bb0&#8243; header_2_font_size_last_edited=\u00bbon|phone\u00bb header_2_font_size_phone=\u00bb19px\u00bb content_last_edited=\u00bbon|phone\u00bb content_phone=\u00bb<\/p>\n<h2 class=%22font_2 wixui-rich-text__text%22><span class=%22color_43 wixui-rich-text__text%22><span class=%22wixui-rich-text__text%22>\u00bfC\u00f3mo me ayuda<span>\u00a0<\/span><\/span><\/span><span class=%22color_42 wixui-rich-text__text%22><span class=%22wixui-rich-text__text%22>EnglisHouse<\/span><\/span><span class=%22color_43 wixui-rich-text__text%22><span class=%22wixui-rich-text__text%22><span>\u00a0<\/span>a aumentar el posicionamiento de mi colegio?<\/span><\/span><\/h2>\n<p>\u00bb content_tablet=\u00bb<\/p>\n<h2 class=%22font_2 wixui-rich-text__text%22><span class=%22color_43 wixui-rich-text__text%22><span class=%22wixui-rich-text__text%22>\u00bfC\u00f3mo me ayuda<span>\u00a0<\/span><\/span><\/span><span class=%22color_42 wixui-rich-text__text%22><span class=%22wixui-rich-text__text%22>EnglisHouse<\/span><\/span><span class=%22color_43 wixui-rich-text__text%22><span class=%22wixui-rich-text__text%22><span>\u00a0<\/span>a aumentar el posicionamiento de mi colegio?<\/span><\/span><\/h2>\n<p>\u00ab]<\/p>\n<h2 class=\"font_2 wixui-rich-text__text\"><span class=\"color_43 wixui-rich-text__text\"><span class=\"wixui-rich-text__text\">\u00bfC\u00f3mo me ayuda<span>\u00a0<\/span><\/span><\/span><span class=\"color_42 wixui-rich-text__text\"><span class=\"wixui-rich-text__text\">EnglisHouse<\/span><\/span><span class=\"color_43 wixui-rich-text__text\"><span class=\"wixui-rich-text__text\"><span>\u00a0<\/span>a aumentar el posicionamiento de mi colegio?<\/span><\/span><\/h2>\n<p>[\/et_pb_text][et_pb_image src=\u00bbhttps:\/\/englishouse.mx\/wp-content\/uploads\/2025\/08\/Diseno-sin-titulo-1.jpg\u00bb title_text=\u00bbDise\u00f1o sin t\u00edtulo (1)\u00bb _builder_version=\u00bb4.27.4&#8243; _module_preset=\u00bbdefault\u00bb global_colors_info=\u00bb{}\u00bb theme_builder_area=\u00bbpost_content\u00bb][\/et_pb_image][\/et_pb_column][\/et_pb_row][\/et_pb_section]<\/p>\n","protected":false},"excerpt":{"rendered":"<p>Somos tu editorial EnglisHouse enfocada en caminarde la mano contigo al \u00e9xito biling\u00fce de tus alumnos\u00bfSab\u00edas qu\u00e9&#8230;Los colegios m\u00e1s prestigiosos y posicionados se dieron a conocer por el alto nivel de ingl\u00e9s y acad\u00e9mico de sus alumnos egresados?\u00bfC\u00f3mo saber si necesitas a EnglisHouse?\u00bfQuieres incrementar el nivel de ingl\u00e9s de tus alumnos? \u00bfQuieres tener un mejor [&hellip;]<\/p>\n","protected":false},"author":2,"featured_media":0,"parent":0,"menu_order":0,"comment_status":"closed","ping_status":"closed","template":"","meta":{"_et_pb_use_builder":"on","_et_pb_old_content":"","_et_gb_content_width":"","footnotes":""},"class_list":["post-33","page","type-page","status-publish","hentry"],"_links":{"self":[{"href":"https:\/\/englishouse.mx\/catalogo\/wp-json\/wp\/v2\/pages\/33","targetHints":{"allow":["GET"]}}],"collection":[{"href":"https:\/\/englishouse.mx\/catalogo\/wp-json\/wp\/v2\/pages"}],"about":[{"href":"https:\/\/englishouse.mx\/catalogo\/wp-json\/wp\/v2\/types\/page"}],"author":[{"embeddable":true,"href":"https:\/\/englishouse.mx\/catalogo\/wp-json\/wp\/v2\/users\/2"}],"replies":[{"embeddable":true,"href":"https:\/\/englishouse.mx\/catalogo\/wp-json\/wp\/v2\/comments?post=33"}],"version-history":[{"count":5,"href":"https:\/\/englishouse.mx\/catalogo\/wp-json\/wp\/v2\/pages\/33\/revisions"}],"predecessor-version":[{"id":114,"href":"https:\/\/englishouse.mx\/catalogo\/wp-json\/wp\/v2\/pages\/33\/revisions\/114"}],"wp:attachment":[{"href":"https:\/\/englishouse.mx\/catalogo\/wp-json\/wp\/v2\/media?parent=33"}],"curies":[{"name":"wp","href":"https:\/\/api.w.org\/{rel}","templated":true}]}}